{"id":1100,"date":"2025-07-29T21:48:07","date_gmt":"2025-07-29T21:48:07","guid":{"rendered":"https:\/\/www.camperclub.cz\/obchodni-podminky\/"},"modified":"2026-04-13T21:14:18","modified_gmt":"2026-04-13T21:14:18","slug":"terms-and-conditions","status":"publish","type":"page","link":"https:\/\/www.camperclub.cz\/en\/terms-and-conditions\/","title":{"rendered":"Terms and Conditions"},"content":{"rendered":"\n  \n    \n    <section class=\"u-clearfix u-section-2\" id=\"block-1\">\n      <div class=\"u-clearfix u-sheet u-valign-bottom-xl u-valign-top-lg u-valign-top-md u-valign-top-sm u-sheet-1\">\n        <div class=\"data-layout-selected u-clearfix u-expanded-width u-gutter-34 u-layout-wrap u-layout-wrap-1\">\n          <div class=\"u-gutter-0 u-layout\" style=\"\">\n            <div class=\"u-layout-row\" style=\"\">\n              <div class=\"u-container-style u-custom-color-4 u-layout-cell u-size-60 u-size-60-md u-layout-cell-1\">\n                <div class=\"u-container-layout u-valign-bottom-lg u-valign-bottom-md u-valign-bottom-sm u-valign-bottom-xs u-container-layout-1\">\n                  <h3 class=\"u-custom-font u-font-montserrat u-text u-text-1\"> Terms and Conditions&nbsp;CamperClub.cz<br><span style=\"font-size: 1.25rem;\"> for the provision of online services and membership<\/span>\n                  <\/h3>\n                  <p class=\"u-custom-font u-text u-text-2\"><span style=\"font-weight: 700;\"> 1. \u200bIntroductory Provisions<\/span>\n                    <br>\n                    <br> These Terms and Conditions govern the legal relationship between:&nbsp;<br>\n                    <br><span style=\"font-weight: 700;\"><\/span>Name: Jaroslava \u0160vestkov\u00e1<br> Company ID (I\u010cO): 09214771<br> Registered office: Stru\u017en\u00e1 127, 36471<br> Email: <a class=\"cursor-pointer decorated-link u-active-none u-border-none u-btn u-button-style u-hover-none u-none u-text-custom-color-6 u-btn-1\" rel=\"noopener\">info@camperclub.cz<\/a>\n                    <br> Website: <a rel=\"noopener\" target=\"_new\" class=\"decorated-link u-active-none u-border-none u-btn u-button-style u-hover-none u-none u-text-custom-color-6 u-btn-2\" href=\"http:\/\/www.camperclub.cz\">www.camperclub.cz<\/a>\n                    <br> (hereinafter referred to as the \u201cProvider\u201d)<br>\n                    <br>and<br><span style=\"font-weight: 700;\"><\/span><span style=\"font-weight: 700;\">The User<\/span>, who purchases a membership, registers an account, or otherwise uses the services provided by the Provider on the website <a rel=\"noopener\" target=\"_new\" class=\"decorated-link u-active-none u-border-none u-btn u-button-style u-hover-none u-none u-text-custom-color-6 u-btn-3\" href=\"http:\/\/www.camperclub.cz\">www.camperclub.cz<\/a> (hereinafter referred to as the \u201cUser\u201d).&nbsp;<br>\n                    <br><span style=\"font-weight: 700;\">2. <\/span><span style=\"font-weight: 700;\">Subject of the Contractual Relationship<\/span>\n                    <br> Through the website <a rel=\"noopener\" target=\"_new\" class=\"decorated-link u-active-none u-border-none u-btn u-button-style u-hover-none u-none u-text-custom-color-6 u-btn-4\" href=\"http:\/\/www.camperclub.cz\">www.camperclub.cz<\/a>, the Provider enables users to: <br> purchase access to paid memberships (\u201cThe Camper\u201d, \u201cBazarista\u201d, etc.), <br> access community sections (interactive map, marketplace, articles, etc.), <br> participate in Facebook groups, forums, and events intended for members. <br> Membership is offered in various forms \u2013 trial, monthly, and annual \u2013 with clearly defined benefits according to the current offer on the website.<br>\n                    <br><span style=\"font-weight: 700;\">3. <\/span><span style=\"font-weight: 700;\">Registration and Account Creation<\/span>\n                    <br> Access to the services requires registration and the creation of a personal user account. The User is obliged to provide accurate information. The Provider reserves the right to block an account in case of violation of the terms or unethical behavior.<br>\n                    <br><span style=\"font-weight: 700;\">4. <\/span><span style=\"font-weight: 700;\">Prices and Payment Terms<\/span>\n                    <br>\n                    <br><span style=\"font-weight: 700;\">4.1.<\/span> All prices listed on the website <a rel=\"noopener\" target=\"_new\" class=\"decorated-link skrollable u-active-none u-border-none u-btn u-button-style u-hover-none u-none u-text-custom-color-6 u-btn-5\" href=\"http:\/\/www.camperclub.cz\">www.camperclub.cz<\/a> are final, i.e. inclusive of all statutory fees. The Operator is not a VAT payer.&nbsp;<br>\n                    <br><span style=\"font-weight: 700;\">4.2.<\/span> The price of each type of membership is always listed on the website. Currently, the following membership options are available: <br> The Camper \u2013 trial membership (14 days): 250 CZK <br> The Camper \u2013 monthly membership: 250 CZK \/ month <br> The Camper \u2013 annual membership: 1,990 CZK \/ year <br> Bazarista \u2013 trial membership (14 days): 150 CZK <br> Bazarista \u2013 monthly membership: 150 CZK \/ month <br> Bazarista \u2013 annual membership: 1,500 CZK \/ year <br><span style=\"font-weight: 700;\"> 4.3.<\/span> All payments are processed via a secure payment gateway or by bank transfer. Access to membership is activated after the payment is credited to the Provider\u2019s account.&nbsp;<br><span style=\"font-weight: 700;\">4.4<\/span>. The Provider reserves the right to change prices depending on project development, costs, and demand. Price changes do not affect memberships that have already been paid for during their validity period.\n                  <\/p>\n                <\/div>\n              <\/div>\n            <\/div>\n          <\/div>\n        <\/div>\n      <\/div>\n    <\/section>\n    <section class=\"u-clearfix u-section-3\" id=\"sec-f165\">\n      <div class=\"u-clearfix u-sheet u-valign-top-lg u-valign-top-md u-valign-top-sm u-sheet-1\">\n        <div class=\"data-layout-selected u-clearfix u-expanded-width u-gutter-34 u-layout-wrap u-layout-wrap-1\">\n          <div class=\"u-gutter-0 u-layout\" style=\"\">\n            <div class=\"u-layout-row\" style=\"\">\n              <div class=\"u-container-style u-custom-color-4 u-layout-cell u-size-60 u-size-60-md u-layout-cell-1\">\n                <div class=\"u-container-layout u-valign-bottom-lg u-valign-bottom-md u-valign-bottom-sm u-valign-middle-xl u-container-layout-1\">\n                  <p class=\"u-custom-font u-text u-text-1\"><span style=\"font-weight: 700;\"><\/span><span style=\"font-weight: 700;\">5.&nbsp;<\/span><span style=\"font-weight: 700;\">Service Delivery<\/span>\n                    <br> After payment of the membership, access to digital services is granted immediately \u2013 no later than within 24 hours. The User will receive a confirmation email along with access details.&nbsp;<br><span style=\"font-weight: 700;\">6. <\/span><span style=\"font-weight: 700;\">User Rights and Obligations<\/span><span style=\"font-weight: 700;\">\n                      <br><\/span>&nbsp; &nbsp; \u200bThe User agrees to follow community rules, the code of conduct, and instructions from administrators. <br>&nbsp; &nbsp; The User must not share access credentials with third parties. <br>&nbsp; &nbsp; In case of inappropriate behavior, the account may be blocked without compensation.<br>\n                    <br><span style=\"font-weight: 700;\">7. <\/span><span style=\"font-weight: 700;\">Complaints and Withdrawal from the Contract<\/span>\n                    <br>&nbsp; &nbsp; \u200bThe services are considered digital content, and therefore, according to Section 1837 (l) of the Civil Code, it is not possible to withdraw from the contract after they have been made accessible. <br>&nbsp; &nbsp; Any technical issues can be reported via email at <a class=\"cursor-pointer decorated-link skrollable u-active-none u-border-none u-btn u-button-style u-hover-none u-none u-text-custom-color-6 u-btn-1\" rel=\"noopener\">info@camperclub.cz<\/a>. <br>&nbsp; &nbsp; The Provider undertakes to resolve complaints within 14 days.<br><span style=\"font-weight: 700;\">8<\/span><span style=\"font-weight: 700;\">. <\/span>Personal Data Protection<br> The User acknowledges that their personal data will be processed in accordance with the Privacy Policy under GDPR. The Provider undertakes to protect the data against misuse.&nbsp;<br>\n                    <br><span style=\"font-weight: 700;\">9. <\/span><span style=\"font-weight: 700;\">Final Provisions<\/span>\n                    <br> These terms are valid and effective as of July 31, 2025.<br> The Provider reserves the right to unilaterally amend these terms. Users will be informed of any changes via email or on the website.<br> The User is bound by the version of the terms valid at the time the contract is concluded.&nbsp;<br>\n                    <br><span style=\"font-weight: 700;\">Contact for users:<\/span>\n                    <br>&#x1f4e7;&nbsp;<a rel=\"noopener\" class=\"-wm-cursor-pointer u-active-none u-border-none u-btn u-button-style u-hover-none u-none u-text-custom-color-6 u-btn-2\">info@camperclub.cz<\/a>\n                    <br>&#x1f310;&nbsp;<a href=\"http:\/\/www.camperclub.cz\/\" class=\"u-active-none u-border-none u-btn u-button-style u-hover-none u-none u-text-custom-color-6 u-btn-3\" rel=\"noopener\" target=\"_blank\">www.camperclub.cz<\/a>\n                    <br>\n                  <\/p>\n                <\/div>\n              <\/div>\n            <\/div>\n          <\/div>\n        <\/div>\n      <\/div>\n    <\/section>\n    \n    \n    \n  \n","protected":false},"excerpt":{"rendered":"<p>Terms and Conditions&nbsp;CamperClub.cz for the provision of online services and membership 1. \u200bIntroductory Provisions These Terms and Conditions govern the legal relationship between:&nbsp; Name: Jaroslava \u0160vestkov\u00e1 Company ID (I\u010cO): 09214771 Registered office: Stru\u017en\u00e1 127, 36471 Email: info@camperclub.cz Website: www.camperclub.cz (hereinafter referred to as the \u201cProvider\u201d) andThe User, who purchases a membership, registers an account, or &hellip; <a href=\"https:\/\/www.camperclub.cz\/en\/terms-and-conditions\/\" class=\"more-link\">Continue reading<span class=\"screen-reader-text\"> &#8220;Terms and Conditions&#8221;<\/span><\/a><\/p>\n","protected":false},"author":43,"featured_media":0,"parent":0,"menu_order":0,"comment_status":"closed","ping_status":"closed","template":"","meta":{"_acf_changed":false,"footnotes":""},"class_list":["post-1100","page","type-page","status-publish","hentry"],"acf":[],"_links":{"self":[{"href":"https:\/\/www.camperclub.cz\/en\/wp-json\/wp\/v2\/pages\/1100","targetHints":{"allow":["GET"]}}],"collection":[{"href":"https:\/\/www.camperclub.cz\/en\/wp-json\/wp\/v2\/pages"}],"about":[{"href":"https:\/\/www.camperclub.cz\/en\/wp-json\/wp\/v2\/types\/page"}],"author":[{"embeddable":true,"href":"https:\/\/www.camperclub.cz\/en\/wp-json\/wp\/v2\/users\/43"}],"replies":[{"embeddable":true,"href":"https:\/\/www.camperclub.cz\/en\/wp-json\/wp\/v2\/comments?post=1100"}],"version-history":[{"count":6,"href":"https:\/\/www.camperclub.cz\/en\/wp-json\/wp\/v2\/pages\/1100\/revisions"}],"predecessor-version":[{"id":1106,"href":"https:\/\/www.camperclub.cz\/en\/wp-json\/wp\/v2\/pages\/1100\/revisions\/1106"}],"wp:attachment":[{"href":"https:\/\/www.camperclub.cz\/en\/wp-json\/wp\/v2\/media?parent=1100"}],"curies":[{"name":"wp","href":"https:\/\/api.w.org\/{rel}","templated":true}]}}