{"id":2891,"date":"2025-06-12T22:02:46","date_gmt":"2025-06-12T22:02:46","guid":{"rendered":"https:\/\/www.camperclub.cz\/o-nas\/"},"modified":"2026-04-20T17:06:06","modified_gmt":"2026-04-20T17:06:06","slug":"ueber-uns","status":"publish","type":"page","link":"https:\/\/www.camperclub.cz\/de\/ueber-uns\/","title":{"rendered":"\u00dcber uns"},"content":{"rendered":"\n  \n    \n    <section class=\"skrollable u-clearfix u-color-var u-container-align-center-lg u-container-align-center-xl u-section-2\" id=\"sec-f516\" data-image-width=\"2000\" data-image-height=\"1333\">\n      <div class=\"u-clearfix u-sheet u-valign-middle u-sheet-1\">\n        <div class=\"data-layout-selected u-clearfix u-expanded-width u-gutter-34 u-layout-wrap u-layout-wrap-1\">\n          <div class=\"u-gutter-0 u-layout\">\n            <div class=\"u-layout-row\">\n              <div class=\"u-container-style u-custom-color-4 u-layout-cell u-size-60 u-size-60-md u-layout-cell-1\">\n                <div class=\"u-container-layout u-container-layout-1\">\n                  <p class=\"u-custom-font u-text u-text-1\"><b><\/b><span style=\"font-weight: 700;\">CamperClub.cz<\/span> haben wir gemeinsam mit meiner Frau aus unserer eigenen Leidenschaft f\u00fcr Reisen und das Leben auf R\u00e4dern gegr\u00fcndet.\nWer wir sind?&nbsp;<br>\n                    <br>Wir nennen uns Zetj\u00e9\u010dka \u2013 Zden\u011bk und Jarka.&nbsp;<br>\n                    <br>Vor einigen Jahren haben wir den Zauber des Campings entdeckt, der uns von der ersten Minute an vollkommen begeistert hat.<br> Mit einem Wort: Freiheit.\nWie viele Anf\u00e4nger standen auch wir vor Fragen: <br> Wohin fahren? <br> Wo parken? <br> Welche Ausr\u00fcstung brauchen wir? <br> Wo findet man verl\u00e4ssliche Tipps und Empfehlungen?<br>&nbsp;&nbsp;<br>Wir suchten Informationen auf YouTube, in sozialen Netzwerken und auf Reiseportalen. Es war zeitaufwendig und manchmal auch stressig \u2013 genau das brachte uns auf die Idee, einen gemeinsamen, \u00fcbersichtlichen Ort zu schaffen, an dem sowohl Anf\u00e4nger alles finden als auch erfahrene Reisende helfen k\u00f6nnen.&nbsp;<br>\n                    <br><span style=\"font-weight: 700;\">Was ist CamperClub.cz?<\/span>\n                    <br> CamperClub ist eine Community von Reisenden, in der Mitglieder:\neine interaktive Karte &#x1f4cd; mit gepr\u00fcften Orten nutzen und ihre Lieblingsziele teilen k\u00f6nnen, <br> Mitreisende f\u00fcr gemeinsame Abenteuer finden, <br> einen Marktplatz nutzen k\u00f6nnen, um nicht mehr ben\u00f6tigte Ausr\u00fcstung anzubieten. <br><span style=\"font-weight: 700;\"> Registrierung<\/span>: 250 K\u010d \/ Jahr. Mehr dazu auf der Seite \u201eMitgliedschaft\u201c.&nbsp;<br>\n                    <br><span style=\"font-weight: 700;\">Gemeinsam helfen<\/span>\n                    <br>Wir unterst\u00fctzen die Dobr\u00fd and\u011bl \u2013 ein Teil aller bezahlten Registrierungen wird regelm\u00e4\u00dfig gespendet, um Familien mit schwer kranken Kindern zu helfen.<br> Vielen Dank, dass Sie Teil davon sind.&nbsp;<br>\n                    <br>Wir w\u00fcrden uns freuen, wenn Sie sich uns anschlie\u00dfen und wir gemeinsam einen Ort schaffen, der Reisenden Sicherheit, Inspiration und Freude bringt.&nbsp;<br>\n                    <br>Wir freuen uns auf eine m\u00f6gliche Zusammenarbeit.&nbsp;<br>\n                    <br><span style=\"font-weight: 700;\">CamperClub.cz<\/span>\n                    <br> Zden\u011bk und Jarka<br> Gr\u00fcnder des Projekts CamperClub.cz &#x2764;&#xfe0f;&#x200d;&#x1f525;<b>&#x200d;<\/b><b>&#x1f525;<\/b>\n                    <br>\n                  <\/p>\n                <\/div>\n              <\/div>\n            <\/div>\n          <\/div>\n        <\/div>\n      <\/div>\n    <\/section>\n    \n    \n    \n  \n","protected":false},"excerpt":{"rendered":"<p>CamperClub.cz haben wir gemeinsam mit meiner Frau aus unserer eigenen Leidenschaft f\u00fcr Reisen und das Leben auf R\u00e4dern gegr\u00fcndet. Wer wir sind?&nbsp; Wir nennen uns Zetj\u00e9\u010dka \u2013 Zden\u011bk und Jarka.&nbsp; Vor einigen Jahren haben wir den Zauber des Campings entdeckt, der uns von der ersten Minute an vollkommen begeistert hat. Mit einem Wort: Freiheit. Wie &hellip; <a href=\"https:\/\/www.camperclub.cz\/de\/ueber-uns\/\" class=\"more-link\">Continue reading<span class=\"screen-reader-text\"> &#8220;\u00dcber uns&#8221;<\/span><\/a><\/p>\n","protected":false},"author":43,"featured_media":0,"parent":0,"menu_order":6,"comment_status":"closed","ping_status":"closed","template":"","meta":{"_acf_changed":false,"footnotes":""},"class_list":["post-2891","page","type-page","status-publish","hentry"],"acf":[],"_links":{"self":[{"href":"https:\/\/www.camperclub.cz\/de\/wp-json\/wp\/v2\/pages\/2891","targetHints":{"allow":["GET"]}}],"collection":[{"href":"https:\/\/www.camperclub.cz\/de\/wp-json\/wp\/v2\/pages"}],"about":[{"href":"https:\/\/www.camperclub.cz\/de\/wp-json\/wp\/v2\/types\/page"}],"author":[{"embeddable":true,"href":"https:\/\/www.camperclub.cz\/de\/wp-json\/wp\/v2\/users\/43"}],"replies":[{"embeddable":true,"href":"https:\/\/www.camperclub.cz\/de\/wp-json\/wp\/v2\/comments?post=2891"}],"version-history":[{"count":4,"href":"https:\/\/www.camperclub.cz\/de\/wp-json\/wp\/v2\/pages\/2891\/revisions"}],"predecessor-version":[{"id":2901,"href":"https:\/\/www.camperclub.cz\/de\/wp-json\/wp\/v2\/pages\/2891\/revisions\/2901"}],"wp:attachment":[{"href":"https:\/\/www.camperclub.cz\/de\/wp-json\/wp\/v2\/media?parent=2891"}],"curies":[{"name":"wp","href":"https:\/\/api.w.org\/{rel}","templated":true}]}}