{"id":2888,"date":"2025-06-12T22:02:45","date_gmt":"2025-06-12T22:02:45","guid":{"rendered":"https:\/\/www.camperclub.cz\/domov\/"},"modified":"2026-04-21T10:44:30","modified_gmt":"2026-04-21T10:44:30","slug":"domov","status":"publish","type":"page","link":"https:\/\/www.camperclub.cz\/de\/","title":{"rendered":"Home"},"content":{"rendered":"<style class=\"custom-css\" type=\"text\/css\">#header {\n\tbackground: none; \n\tcolor: #fff;\n\tposition: absolute;\n\ttop: 0;\n\tleft: 0;\n\tz-index: 300;\n}\n.user-panels-wrapper .user-panel {\nmax-width: 1260px;\n}\n.user-panel a {\ncolor: #fff;}\n.user-panels-wrapper {\nbackground: none;\nposition: absolute;\ntop: 100px;\nleft: 0;\nz-index: 700;\nwidth: 100%;}<\/style>\n    \n    \n    \n    \n    \n    \n    \n    \n    \n    \n    <script type=\"application\/ld+json\">{\n\t\t\"@context\": \"http:\/\/schema.org\",\n\t\t\"@type\": \"Organization\",\n\t\t\"name\": \"CamperClub.cz\",\n\t\t\"url\": \"https:\/\/www.camperclub.cz\/de\/\",\n\t\t\"logo\": \"https:\/\/www.camperclub.cz\/wp-content\/uploads\/2026\/04\/camperclub_logo_outline-1.png\",\n\t\t\"sameAs\": [\n\t\t\t\t\"https:\/\/www.facebook.com\/groups\/677922118568694\/\",\n\t\t\t\t\"https:\/\/www.instagram.com\/camperclub.cz\/\"\n\t\t]\n}<\/script>\n    <meta name=\"theme-color\" content=\"#c66e2e\">\n    <meta property=\"og:title\" content=\"CamperClub\">\n    <meta property=\"og:description\" content=\"%%site_title%% | %%page_title%%\">\n    <meta property=\"og:type\" content=\"website\">\n    <link rel=\"canonical\" href=\"https:\/\/www.camperclub.cz\/de\/\">\n  \n  \n    \n    <section class=\"hp-hero u-clearfix u-color-var u-section-2\" id=\"block-1\">\n      <div class=\"u-clearfix u-sheet u-valign-top-lg u-valign-top-md u-valign-top-sm u-sheet-1\">\n        <h1 class=\"u-text u-text-body-alt-color u-text-default u-text-1\"> CamperClub: Alles f\u00fcr das Reisen mit dem Wohnmobil an einem Ort&nbsp;<\/h1>\n        <p class=\"u-large-text u-text u-text-variant u-text-2\"> Finde gepr\u00fcfte Orte und Tipps aus der Community \u2013 ohne unn\u00f6tiges Suchen und Fehler.<br> Orte, Tipps und eine Community, die wei\u00df, wovon sie spricht.\n        <\/p>\n        <a href=\"https:\/\/www.camperclub.cz\/de\/mitgliedschaft\/\" class=\"u-btn u-btn-round u-button-style u-color-var u-custom-font u-font-montserrat u-hover-color-var u-radius u-text-body-alt-color u-text-hover-white u-btn-1\"> Mehr \u00fcber <\/a>\n        <a href=\"https:\/\/www.camperclub.cz\/de\/uber-uns\/\" class=\"u-btn u-btn-round u-button-style u-custom-color-1 u-custom-font u-font-montserrat u-hover-custom-color-8 u-radius u-text-body-alt-color u-text-hover-white u-btn-2\" target=\"_blank\"> Entdecken<\/a>\n      <\/div>\n    <\/section>\n    <section class=\"u-clearfix u-container-align-center u-section-3\" id=\"block-5\">\n      <div class=\"u-clearfix u-sheet u-valign-middle u-sheet-1\">\n        <h2 class=\"u-align-center u-text u-text-default u-text-1\"> Warum CamperClub<\/h2>\n        <p class=\"u-align-center u-text u-text-2\"> Alles f\u00fcr Camper an einem Ort.<br> Orte, Tipps und eine Community, die wei\u00df, wovon sie spricht.\n        <\/p>\n        <div class=\"u-expanded-width u-list u-list-1\">\n          <div class=\"u-repeater u-repeater-1\">\n            <div class=\"u-align-center u-container-align-center u-container-style u-list-item u-repeater-item\">\n              <div class=\"u-container-layout u-similar-container u-valign-top u-container-layout-1\"><span class=\"u-align-center u-file-icon u-icon u-icon-1\"><img decoding=\"async\" src=\"https:\/\/www.camperclub.cz\/wp-content\/uploads\/2026\/04\/1483285.png\" alt=\"\"><\/span>\n                <h4 class=\"u-align-center u-text u-text-default u-text-3\"> Interaktive Karte mit \u00fcber 1.500 Standorten <\/h4>\n                <p class=\"u-align-center u-text u-text-default u-text-4\"> Finde gepr\u00fcfte Orte schnell und stressfrei. &#x1f5fa;&#xfe0f; Karte der Orte &#x1f17f;&#xfe0f; Parken &#x1f6b0; Wasser &#x1f6bd; Entsorgungsstationen<br>&#x1f465; Community\n                <\/p>\n                <a href=\"https:\/\/www.camperclub.cz\/de\/karte\/\" class=\"u-active-none u-border-2 u-border-no-left u-border-no-right u-border-no-top u-border-palette-1-base u-btn u-btn-rectangle u-button-style u-hover-none u-none u-btn-1\"> Karte ansehen<\/a>\n              <\/div>\n            <\/div>\n            <div class=\"u-align-center u-container-align-center u-container-style u-list-item u-repeater-item\">\n              <div class=\"u-container-layout u-similar-container u-valign-top u-container-layout-2\"><span class=\"u-align-center u-file-icon u-icon u-icon-2\"><img decoding=\"async\" src=\"https:\/\/www.camperclub.cz\/wp-content\/uploads\/2026\/04\/33308.png\" alt=\"\"><\/span>\n                <h4 class=\"u-align-center u-text u-text-default u-text-5\"> Community und Tipps<\/h4>\n                <p class=\"u-align-center u-text u-text-default u-text-6\"> Frage, teile oder lass dich inspirieren.<br> Die besten Tipps kommen immer von anderen Campern.\n                <\/p>\n                <a href=\"https:\/\/www.camperclub.cz\/de\/mitgliedschaft\/\" class=\"u-active-none u-border-2 u-border-no-left u-border-no-right u-border-no-top u-border-palette-1-base u-btn u-btn-rectangle u-button-style u-hover-none u-none u-btn-2\"> Das interessiert mich<\/a>\n              <\/div>\n            <\/div>\n            <div class=\"u-align-center u-container-align-center u-container-style u-list-item u-repeater-item\">\n              <div class=\"u-container-layout u-similar-container u-valign-top u-container-layout-3\"><span class=\"u-align-center u-file-icon u-icon u-icon-3\"><img decoding=\"async\" src=\"https:\/\/www.camperclub.cz\/wp-content\/uploads\/2026\/04\/3144456.png\" alt=\"\"><\/span>\n                <h4 class=\"u-align-center u-text u-text-default u-text-7\"> Marktplatz f\u00fcr Camper<\/h4>\n                <p class=\"u-align-center u-text u-text-default u-text-8\"> Kaufe und verkaufe einfach innerhalb der Community. Alles f\u00fcr deine Reise an einem Ort.<\/p>\n                <a href=\"https:\/\/www.camperclub.cz\/de\/marktplatz\/\" class=\"u-active-none u-border-2 u-border-no-left u-border-no-right u-border-no-top u-border-palette-1-base u-btn u-btn-rectangle u-button-style u-hover-none u-none u-btn-3\"> Das interessiert mich<\/a>\n              <\/div>\n            <\/div>\n          <\/div>\n        <\/div>\n      <\/div>\n    <\/section>\n    <section class=\"u-clearfix u-color-var u-container-align-center u-section-4\" id=\"block-7\">\n      <div class=\"u-clearfix u-sheet u-valign-middle u-sheet-1\">\n        <div class=\"data-layout-selected u-clearfix u-expanded-width u-gutter-10 u-layout-wrap u-layout-wrap-1\">\n          <div class=\"u-layout\" style=\"\">\n            <div class=\"u-layout-row\" style=\"\">\n              <div class=\"u-container-align-center u-container-style u-layout-cell u-left-cell u-size-30 u-size-xs-60 u-layout-cell-1\" src=\"\">\n                <div class=\"u-container-layout u-valign-middle u-container-layout-1\">\n                  <h2 class=\"u-align-center u-text u-text-default u-text-1\"> Wir sind eine Community<\/h2>\n                  <p class=\"u-align-center u-text u-text-2\"> Hier findest du gepr\u00fcfte Orte, echte Erfahrungen und Menschen, die genauso reisen wie du.<br> Keine Theorie \u2013 nur Tipps aus der Praxis, die funktionieren.\nWerde Teil einer Community, die dir Zeit und Nerven spart.\n                  <\/p>\n                  <a href=\"https:\/\/www.camperclub.cz\/de\/ueber-uns\/\" class=\"u-border-hover-grey-60 u-border-none u-btn u-btn-round u-button-style u-color-var u-custom-font u-font-montserrat u-hover-black u-radius u-btn-1\"> Mehr \u00fcber uns<\/a>\n                <\/div>\n              <\/div>\n              <div class=\"u-align-center u-container-align-center u-container-style u-image u-layout-cell u-right-cell u-size-30 u-size-xs-60 u-image-1\" src=\"\" data-image-width=\"1536\" data-image-height=\"1024\" style=\"background-image: url(&quot;https:\/\/www.camperclub.cz\/wp-content\/uploads\/2026\/04\/komunita.webp&quot;);\">\n                <div class=\"u-container-layout u-valign-middle u-container-layout-2\" src=\"\"><\/div>\n              <\/div>\n            <\/div>\n          <\/div>\n        <\/div>\n      <\/div>\n    <\/section>\n    <section class=\"u-clearfix u-container-align-center u-section-5\" id=\"block-8\">\n      <div class=\"u-clearfix u-sheet u-valign-middle u-sheet-1\">\n        <div class=\"u-color-var u-container-align-center-md u-container-align-center-sm u-container-align-center-xs u-container-style u-expanded-width u-group u-radius-20 u-shape-round u-group-1\">\n          <div class=\"u-container-layout u-valign-middle-lg u-valign-middle-md u-valign-middle-sm u-valign-middle-xs u-container-layout-1\">\n            <h3 class=\"u-align-center-md u-align-center-sm u-align-center-xs u-text u-text-color-var u-text-1\"> Erhalte Zugang zu allem, was CamperClub bietet <\/h3>\n            <a href=\"https:\/\/www.camperclub.cz\/de\/mitgliedschaft\/\" class=\"u-active-white u-align-center-md u-align-center-sm u-align-center-xs u-border-none u-btn u-btn-round u-button-style u-color-var u-custom-font u-font-montserrat u-hover-color-var u-radius u-text-color-var u-text-hover-color-var u-btn-1\"> Ich habe Interesse<\/a>\n          <\/div>\n        <\/div>\n      <\/div>\n    <\/section>\n    <section class=\"interaktivni-mapa u-clearfix u-color-var u-container-align-center u-section-6\" id=\"block-9\">\n      <div class=\"u-clearfix u-sheet u-valign-middle u-sheet-1\">\n        <div class=\"data-layout-selected u-clearfix u-expanded-width u-gutter-10 u-layout-wrap u-layout-wrap-1\">\n          <div class=\"u-layout\" style=\"\">\n            <div class=\"u-layout-row\" style=\"\">\n              <div class=\"u-container-align-center u-container-style u-layout-cell u-left-cell u-size-60 u-size-xs-60 u-layout-cell-1\" src=\"\">\n                <div class=\"u-container-layout u-valign-middle u-container-layout-1\">\n                  <h2 class=\"u-align-center u-text u-text-default u-text-1\"> Interaktive Karte<\/h2>\n                  <p class=\"u-align-center u-text u-text-2\"> Entdecke mehr als 1500 gepr\u00fcfte Orte ohne langes Suchen. Echte Erfahrungen und Empfehlungen aus der Community. <\/p>\n                  <a href=\"https:\/\/www.camperclub.cz\/de\/karte\/\" class=\"u-border-hover-grey-60 u-border-none u-btn u-btn-round u-button-style u-color-var u-custom-font u-font-montserrat u-hover-black u-radius u-btn-1\"> Klicke und beginne zu entdecken<\/a>\n                <\/div>\n              <\/div>\n            <\/div>\n          <\/div>\n        <\/div>\n      <\/div>\n    <\/section>\n    \n    \n    \n  \n","protected":false},"excerpt":{"rendered":"<p>CamperClub: Alles f\u00fcr das Reisen mit dem Wohnmobil an einem Ort&nbsp; Finde gepr\u00fcfte Orte und Tipps aus der Community \u2013 ohne unn\u00f6tiges Suchen und Fehler. Orte, Tipps und eine Community, die wei\u00df, wovon sie spricht. Mehr \u00fcber Entdecken Warum CamperClub Alles f\u00fcr Camper an einem Ort. Orte, Tipps und eine Community, die wei\u00df, wovon sie &hellip; <a href=\"https:\/\/www.camperclub.cz\/de\/\" class=\"more-link\">Continue reading<span class=\"screen-reader-text\"> &#8220;Home&#8221;<\/span><\/a><\/p>\n","protected":false},"author":43,"featured_media":0,"parent":0,"menu_order":5,"comment_status":"closed","ping_status":"closed","template":"","meta":{"_acf_changed":false,"footnotes":""},"class_list":["post-2888","page","type-page","status-publish","hentry"],"acf":[],"_links":{"self":[{"href":"https:\/\/www.camperclub.cz\/de\/wp-json\/wp\/v2\/pages\/2888","targetHints":{"allow":["GET"]}}],"collection":[{"href":"https:\/\/www.camperclub.cz\/de\/wp-json\/wp\/v2\/pages"}],"about":[{"href":"https:\/\/www.camperclub.cz\/de\/wp-json\/wp\/v2\/types\/page"}],"author":[{"embeddable":true,"href":"https:\/\/www.camperclub.cz\/de\/wp-json\/wp\/v2\/users\/43"}],"replies":[{"embeddable":true,"href":"https:\/\/www.camperclub.cz\/de\/wp-json\/wp\/v2\/comments?post=2888"}],"version-history":[{"count":4,"href":"https:\/\/www.camperclub.cz\/de\/wp-json\/wp\/v2\/pages\/2888\/revisions"}],"predecessor-version":[{"id":2914,"href":"https:\/\/www.camperclub.cz\/de\/wp-json\/wp\/v2\/pages\/2888\/revisions\/2914"}],"wp:attachment":[{"href":"https:\/\/www.camperclub.cz\/de\/wp-json\/wp\/v2\/media?parent=2888"}],"curies":[{"name":"wp","href":"https:\/\/api.w.org\/{rel}","templated":true}]}}