{"id":2878,"date":"2025-06-12T22:02:43","date_gmt":"2025-06-12T22:02:43","guid":{"rendered":"https:\/\/www.camperclub.cz\/bazar\/"},"modified":"2026-04-20T14:15:14","modified_gmt":"2026-04-20T14:15:14","slug":"marktplatz","status":"publish","type":"page","link":"https:\/\/www.camperclub.cz\/de\/marktplatz\/","title":{"rendered":"Marktplatz"},"content":{"rendered":"\n  \n    \n    <section class=\"u-clearfix u-color-var u-section-2\" id=\"block-1\">\n      <div class=\"u-clearfix u-sheet u-sheet-1\">\n        <h3 class=\"u-text u-text-1\">Marktplatz<\/h3>\n        <p class=\"u-text u-text-2\"> Willkommen in unserem Camper-Marktplatz! Hier teilen wir Dinge, die wir nicht mehr brauchen, und geben so anderen Campern die Chance, tolle Angebote zu entdecken \u2013 egal, ob Sie einen Wohnwagen, ein Zelt, Zubeh\u00f6r oder Ideen f\u00fcr DIY-Umbauten suchen.\nSt\u00f6bern Sie in unserem Angebot, finden Sie, was Ihnen gef\u00e4llt, und tragen Sie so zum Leben unterwegs bei. Gemeinsam bauen wir eine Community auf, in der jedes Ausr\u00fcstungsst\u00fcck seine eigene Geschichte und ein neues Zuhause hat.<\/p>\n      <\/div>\n    <\/section>\n    <section class=\"u-clearfix u-color-var u-section-3\" id=\"sec-3e42\">\n      <div class=\"u-clearfix u-sheet u-sheet-1\">\n        <div class=\"u-clearfix u-custom-html u-expanded-width u-custom-html-1\">\n<style type=\"text\/css\">\n    .wpadverts-blocks.wpadverts-block-search {\n        --wpa-color-gray-50: 250,250,250;\r\n--wpa-color-gray-100: 244,244,245;\r\n--wpa-color-gray-200: 228,228,231;\r\n--wpa-color-gray-300: 212,212,216;\r\n--wpa-color-gray-400: 161,161,170;\r\n--wpa-color-gray-500: 113,113,122;\r\n--wpa-color-gray-600: 82,82,91;\r\n--wpa-color-gray-700: 63,63,70;\r\n--wpa-color-gray-800: 39,39,42;\r\n--wpa-color-gray-900: 24,24,27;\r\n    }\n        .wpadverts-blocks.wpadverts-block-search .wpa-btn-primary {\n        color: #ffffff;\n        background-color: #c66e2e;\n        border-color: #c66e2e;\n        --wpa-btn-shadow-color: #c66e2e;\n    }\n    .wpadverts-blocks.wpadverts-block-search .wpa-btn-primary > span > i.fas {\n        color: #ffffff;\n    }\n    .wpadverts-blocks.wpadverts-block-search .wpa-btn-primary:hover {\n        color: #ffffff;\n        background-color: #c66e2e;\n        border-color: #c66e2e;\n        --wpa-btn-shadow-color: #c66e2e;\n    }\n    .wpadverts-blocks.wpadverts-block-search .wpa-btn-primary:hover > span > i.fas {\n        color: #ffffff;\n    }\n            .wpadverts-blocks.wpadverts-block-search .wpa-btn-secondary {\n        color: #6b7280;\n        background-color: #e5e7eb;\n        border-color: #e5e7eb;\n        --wpa-btn-shadow-color: #e5e7eb;\n    }\n    .wpadverts-blocks.wpadverts-block-search .wpa-btn-secondary > span > i.fas {\n        color: #6b7280;\n    }\n    .wpadverts-blocks.wpadverts-block-search .wpa-btn-secondary:hover {\n        color: #374151;\n        background-color: #e5e7eb;\n        border-color: #e5e7eb;\n        --wpa-btn-shadow-color: #e5e7eb;\n    }\n    .wpadverts-blocks.wpadverts-block-search .wpa-btn-secondary:hover > span > i.fas {\n        color: #374151;\n    }\n    <\/style>\n\n<div class=\"wpadverts-blocks wpadverts-block-search atw-flex atw-flex-col\">\n\n    <form action=\"\" method=\"get\" class=\"wpadverts-form wpa-solid wpa-shadow-sm wpa-border-thin wpa-rounded-sm wpa-spacing-0  wpa-padding-sm  atw-block atw-py-0\">\n        \n                \n        <div class=\"atw-flex atw-flex-col md:atw-flex-row\">\n            \n            <div class=\"wpa-form-wrap\">\n                                <div class=\"wpa-form-wrap-inner\">\n                                                                                <div data-name=\"query\" class=\"wpa-field-wrap wpa-field--query atw-w-full md:atw-w-2\/4 wpa-w-half \">\n                                                                                                <div class=\"wpa-field-input\">\n                                                                                    <input type=\"text\" name=\"query\" id=\"query\" placeholder=\"Suchbegriff ...\" class=\" atw-text-base atw-w-full atw-max-w-full\"  \/>                        <\/div>\n                    <\/div>\n                                                                                <div data-name=\"location\" class=\"wpa-field-wrap wpa-field--location atw-w-full md:atw-w-2\/4 wpa-w-half \">\n                                                                                                <div class=\"wpa-field-input\">\n                                                                                    <input type=\"text\" name=\"location\" id=\"location\" placeholder=\"Ort ...\" class=\" atw-text-base atw-w-full atw-max-w-full\"  \/>                        <\/div>\n                    <\/div>\n                                    <\/div>\n                \n                            <\/div>\n            \n            <div class=\"atw-flex atw-grid-cols-1 atw-pb-3 md:atw-flex-none md:atw-ml-2\">\n                 \n                                \n                <div class=\"js-wpa-search atw-flex-auto\">\n                        <button name=\"\" value=\"\" type=\"submit\"  class=\"wpa-btn-primary  atw-flex hover:atw-bg-none atw-bg-none atw-w-full atw-text-base atw-outline-none atw-border-solid atw-font-semibold atw-px-6 atw-py-2 atw-rounded-sm atw-border atw-leading-loose\">\n        <div class=\"atw-flex-grow\">\n                <span class=\"atw-inline md:atw-inline atw-px-0.5\"><i class=\"fa-solid fa-magnifying-glass atw-text-base md:atw-text-base\"><\/i><\/span> \n                <span class=\"atw-inline md:atw-hidden atw-px-0.5\">Search<\/span>\n        <\/div>\n        <span style=\"display:none\" class=\"atw-flex-0 atw-pl-6 atw-border-l atw-border-gray-800\/20 atw-border-solid\"><i class=\"fas fa-angle-down atw-text-2xl -atw-leading-tight atw-align-middle\"><\/i><\/span>\n    <\/button>\n                    <\/div>\n\n            <\/div>\n            \n        <\/div>\n        \n        \n    <\/form>\n\n<\/div>\n<style type=\"text\/css\">\n            .wpa-result-last-text {\n        color: #b91c1c;\n    }\n        <\/style>\n\n<div class=\"wpadverts-blocks wpadverts-block-list atw-flex atw-flex-col\">\n    \n    <div class=\"atw-flex atw-flex-col md:atw-flex-row-reverse md:atw-justify-between\">\n    \n        <div class=\"atw-flex atw-grow atw-pb-3 md:atw-grow-0 md:atw-space-x-4 atw-justify-between atw-items-center\">\n\n\n            <div class=\"atw-flex atw-flex-none\">\n                                <div class=\"atw-flex atw-align-baseline atw-leading-none atw-space-x-2\">\n                    <div class=\"atw-align-baseline\">\n                        <a href=\"\/de\/wp-json\/wp\/v2\/pages\/2878?display=list\" class=\"js-wpa-view-list  atw-no-underline\" aria-label=\"Icon for list view\"><i class=\"fas fa-th-list atw-text-gray-400 atw-text-2xl md:atw-text-xl atw-leading-1 atw-align-baseline atw-block atw-transition atw-duration-100\"><\/i><\/a>\n                    <\/div>\n                    <div class=\"atw-align-baseline\">\n                        <a href=\"\/de\/wp-json\/wp\/v2\/pages\/2878?display=grid\" class=\"js-wpa-view-grid wpa-selected atw-no-underline\" aria-label=\"Icon for grid view\"><i class=\"fas fa-th-large atw-text-gray-400 atw-text-2xl md:atw-text-xl atw-leading-1 atw-align-baseline\"><\/i><\/a>\n                    <\/div>\n                <\/div>\n                \n            <\/div>\n\n            <div class=\"atw-flex atw-flex-none atw-space-x-3\">\n\n                                <div class=\"\">\n\n                        <span class=\"atw-text-gray-500 atw-text-base\">Sortieren nach:<\/span>\n\n                        <span class=\"atw-relative atw-inline-block atw-text-gray-700 atw-text-base\">\n                            <span id=\"js-wpa-sort\" class=\" atw-cursor-pointer\">\n                                <span>Datum der Ver\u00f6ffentlichung<\/span>\n                                <i class=\"fas fa-chevron-down atw-text-gray-500 atw-text-base\"><\/i>\n                            <\/span>\n\n                            <div id=\"js-wpa-sort-options\" class=\"atw-hidden atw-z-50 atw-origin-top-right atw-absolute atw-right-0 atw-mt-3 atw-w-56 atw-rounded-sm atw-shadow-lg atw-bg-white atw-ring-1 atw-ring-black atw-ring-opacity-5 atw-divide-y atw-divide-gray-100 focus:atw-outline-none\">\n                                                            <div class=\"py-1 wpa-block-list-sortgroup--date\">\n                                    <span class=\"atw-text-gray-500 atw-block atw-px-4 atw-py-2 atw-text-sm\">\n                                        <strong>Datum der Ver\u00f6ffentlichung<\/strong>\n                                    <\/span>\n                                                                            <a href=\"\/de\/wp-json\/wp\/v2\/pages\/2878?adverts_sort=date-desc\" class=\"atw-text-gray-700 atw-block atw-px-4 atw-py-2 atw-text-sm atw-no-underline\">\n                                            Neuste zuerst                                            <i class=\"fa-solid fa-asterisk atw-pl-2 atw-text-gray-700\"><\/i>                                        <\/a>\n                                                                            <a href=\"\/de\/wp-json\/wp\/v2\/pages\/2878?adverts_sort=date-asc\" class=\"atw-text-gray-700 atw-block atw-px-4 atw-py-2 atw-text-sm atw-no-underline\">\n                                            \u00c4lteste zuerst                                                                                    <\/a>\n                                                                    <\/div>\n                                                            <div class=\"py-1 wpa-block-list-sortgroup--price\">\n                                    <span class=\"atw-text-gray-500 atw-block atw-px-4 atw-py-2 atw-text-sm\">\n                                        <strong>Preis<\/strong>\n                                    <\/span>\n                                                                            <a href=\"\/de\/wp-json\/wp\/v2\/pages\/2878?adverts_sort=price-asc\" class=\"atw-text-gray-700 atw-block atw-px-4 atw-py-2 atw-text-sm atw-no-underline\">\n                                            Billigste zuerst                                                                                    <\/a>\n                                                                            <a href=\"\/de\/wp-json\/wp\/v2\/pages\/2878?adverts_sort=price-desc\" class=\"atw-text-gray-700 atw-block atw-px-4 atw-py-2 atw-text-sm atw-no-underline\">\n                                            Teuerste zuerst                                                                                    <\/a>\n                                                                    <\/div>\n                                                            <div class=\"py-1 wpa-block-list-sortgroup--title\">\n                                    <span class=\"atw-text-gray-500 atw-block atw-px-4 atw-py-2 atw-text-sm\">\n                                        <strong>\u00dcberschrift<\/strong>\n                                    <\/span>\n                                                                            <a href=\"\/de\/wp-json\/wp\/v2\/pages\/2878?adverts_sort=title-asc\" class=\"atw-text-gray-700 atw-block atw-px-4 atw-py-2 atw-text-sm atw-no-underline\">\n                                            Von A bis Z                                                                                    <\/a>\n                                                                            <a href=\"\/de\/wp-json\/wp\/v2\/pages\/2878?adverts_sort=title-desc\" class=\"atw-text-gray-700 atw-block atw-px-4 atw-py-2 atw-text-sm atw-no-underline\">\n                                            Von Z bis A                                                                                    <\/a>\n                                                                    <\/div>\n                                                            <div class=\"py-1 wpa-block-list-sortgroup--random\">\n                                    <span class=\"atw-text-gray-500 atw-block atw-px-4 atw-py-2 atw-text-sm\">\n                                        <strong>Random<\/strong>\n                                    <\/span>\n                                                                            <a href=\"\/de\/wp-json\/wp\/v2\/pages\/2878?adverts_sort=random-asc\" class=\"atw-text-gray-700 atw-block atw-px-4 atw-py-2 atw-text-sm atw-no-underline\">\n                                            Random Order                                                                                    <\/a>\n                                                                    <\/div>\n                                                        <\/div>\n\n                        <\/span>\n\n                <\/div>\n                \n            <\/div>\n        <\/div>\n\n                <div class=\"atw-flex atw-grow atw-pb-3\">\n\n            <div class=\"\">\n                <span>\n                    <strong class=\"atw-text-gray-700 atw-text-base\">0<\/strong> \n                    <span class=\"atw-text-gray-500 atw-text-base\">results found.<\/span>\n                <\/span>\n            <\/div>\n\n        <\/div>\n                \n    <\/div>\n\n\n        <div class=\"wpa-block-list-results wpa-results atw-grid atw-p-0 atw-m-0 atw-grid-cols-1 md:atw-grid-cols-1 wpa-grid-view\">\n                <div class=\"atw-flex atw-flex-col  atw-items-center atw-mb-8 atw-p-8 atw-border-b-2 atw-border-t-2 atw-border-solid atw-border-gray-100 \">\n            <div class=\"atw-flex atw-justify-center atw-shadow-inner atw-h-12 atw-w-12 atw-rounded atw-p-4 atw-bg-gray-50 atw-text-center atw-items-center\">\n                <i class=\"fas fa-search atw-text-4xl atw-text-center atw-text-gray-500\"><\/i>\n            <\/div>\n            <div class=\"\">\n                <span class=\"atw-inline-block atw-w-full atw-text-center atw-text-lg atw-font-bold atw-p-0 atw-pt-2 atw-text-gray-700\">Keine Treffer gefunden<\/span>\n                <span class=\"atw-inline-block atw-w-full atw-text-center ate-text-base atw-p-0\">There aren't any results matching your search query.<\/span>\n            <\/div>\n        <\/div>\n                    <\/div>\n\n        <div class=\"wpadverts-pagination\">\n            <\/div>\n    \n    \n<\/div><\/div>\n      <\/div>\n    <\/section>\n    \n    \n    \n  \n","protected":false},"excerpt":{"rendered":"<p>Marktplatz Willkommen in unserem Camper-Marktplatz! Hier teilen wir Dinge, die wir nicht mehr brauchen, und geben so anderen Campern die Chance, tolle Angebote zu entdecken \u2013 egal, ob Sie einen Wohnwagen, ein Zelt, Zubeh\u00f6r oder Ideen f\u00fcr DIY-Umbauten suchen. St\u00f6bern Sie in unserem Angebot, finden Sie, was Ihnen gef\u00e4llt, und tragen Sie so zum Leben &hellip; <a href=\"https:\/\/www.camperclub.cz\/de\/marktplatz\/\" class=\"more-link\">Continue reading<span class=\"screen-reader-text\"> &#8220;Marktplatz&#8221;<\/span><\/a><\/p>\n","protected":false},"author":43,"featured_media":0,"parent":0,"menu_order":3,"comment_status":"closed","ping_status":"closed","template":"","meta":{"_acf_changed":false,"footnotes":""},"class_list":["post-2878","page","type-page","status-publish","hentry"],"acf":[],"_links":{"self":[{"href":"https:\/\/www.camperclub.cz\/de\/wp-json\/wp\/v2\/pages\/2878","targetHints":{"allow":["GET"]}}],"collection":[{"href":"https:\/\/www.camperclub.cz\/de\/wp-json\/wp\/v2\/pages"}],"about":[{"href":"https:\/\/www.camperclub.cz\/de\/wp-json\/wp\/v2\/types\/page"}],"author":[{"embeddable":true,"href":"https:\/\/www.camperclub.cz\/de\/wp-json\/wp\/v2\/users\/43"}],"replies":[{"embeddable":true,"href":"https:\/\/www.camperclub.cz\/de\/wp-json\/wp\/v2\/comments?post=2878"}],"version-history":[{"count":2,"href":"https:\/\/www.camperclub.cz\/de\/wp-json\/wp\/v2\/pages\/2878\/revisions"}],"predecessor-version":[{"id":2882,"href":"https:\/\/www.camperclub.cz\/de\/wp-json\/wp\/v2\/pages\/2878\/revisions\/2882"}],"wp:attachment":[{"href":"https:\/\/www.camperclub.cz\/de\/wp-json\/wp\/v2\/media?parent=2878"}],"curies":[{"name":"wp","href":"https:\/\/api.w.org\/{rel}","templated":true}]}}