{"id":2877,"date":"2025-06-12T22:02:42","date_gmt":"2025-06-12T22:02:42","guid":{"rendered":"https:\/\/www.camperclub.cz\/faq\/"},"modified":"2026-04-20T14:15:01","modified_gmt":"2026-04-20T14:15:01","slug":"faq","status":"publish","type":"page","link":"https:\/\/www.camperclub.cz\/de\/faq\/","title":{"rendered":"FAQ"},"content":{"rendered":"\n  \n    \n    <section class=\"skrollable u-clearfix u-color-var u-container-align-center-lg u-container-align-center-xl u-section-2\" id=\"sec-9e11\" data-image-width=\"2000\" data-image-height=\"1333\">\n      <div class=\"u-clearfix u-sheet u-valign-middle u-sheet-1\">\n        <div class=\"data-layout-selected u-clearfix u-expanded-width u-gutter-34 u-layout-wrap u-layout-wrap-1\">\n          <div class=\"u-gutter-0 u-layout\" style=\"\">\n            <div class=\"u-layout-row\" style=\"\">\n              <div class=\"u-container-style u-custom-color-4 u-layout-cell u-size-60 u-size-60-md u-layout-cell-1\">\n                <div class=\"u-container-layout u-container-layout-1\">\n                  <h3 class=\"u-custom-font u-font-montserrat u-text u-text-1\"> Technische Hinweise (FAQ)<br>\n                  <\/h3>\n                  <ol class=\"u-custom-font u-text u-text-2\">\n                    <li><span style=\"font-weight: 700;\"><\/span><span style=\"font-weight: 700;\"><\/span><span style=\"font-weight: 700;\">Wie kann man die Ankunft auf dem Campingplatz vereinfachen und Warteschlangen vermeiden?<br><\/span> Wenn Sie im Voraus reserviert haben, empfehlen wir auch einen Online-Check-in. So vermeiden Sie langes Warten an der Rezeption und k\u00f6nnen direkt parken und Ihren Urlaub genie\u00dfen.&nbsp;\n                    <\/li>\n                    <li style=\"\"><span style=\"font-weight: 700;\">Wo kann man Wasser nachf\u00fcllen und was sollte man mitnehmen?<br><\/span> Wasser kann oft auch in kleineren Campingpl\u00e4tzen oder Servicezonen nachgef\u00fcllt werden. Halten Sie unbedingt ein Set verschiedener Schnellkupplungen bereit \u2013 das erspart Ihnen viel Stress beim Anschlie\u00dfen.&nbsp;\n                    <\/li>\n                    <li><span style=\"font-weight: 700;\">Wie sichert man eine Markise richtig gegen Wind?<br><\/span> Die Markise sollte immer mit einem Spannband befestigt werden. Es kostet fast nichts, kann aber Sch\u00e4den in H\u00f6he von Tausenden verhindern. Wenn Sie wissen, dass Sie einen Ausflug machen und sich das Wetter verschlechtert, ziehen Sie die Markise lieber ein.&nbsp;\n                    <\/li>\n                    <li><span style=\"font-weight: 700;\">Was ist die Mittagspause und wie beeinflusst sie die Ankunft?<br><\/span> Die meisten Campingpl\u00e4tze haben eine feste Mittagspause (oft zwischen 12\u201314 Uhr), in der keine Anmeldungen erfolgen. Wir empfehlen, diese Zeit im Voraus zu \u00fcberpr\u00fcfen und ggf. ein anderes Programm zu planen (Mittagessen, Ausflug \u2026).&nbsp;\n                    <\/li>\n                    <li><span style=\"font-weight: 700;\">Wie geht man mit dem Gewicht von Gasflaschen im Fahrzeug um?<br><\/span> Klassische Metallflaschen k\u00f6nnen durch leichtere Verbundflaschen ersetzt werden \u2013 allerdings zu einem h\u00f6heren Preis (2 St\u00fcck ca. 11.000 K\u010d). Eine gute Alternative ist die Jahresmiete f\u00fcr etwa 1.250 K\u010d. Austauschstellen sind weit verbreitet.&nbsp;\n                    <\/li>\n                    <li><span style=\"font-weight: 700;\">Was ben\u00f6tigt man f\u00fcr den Stromanschluss auf dem Campingplatz?<br><\/span> Besorgen Sie sich einen Camping-Adapter \u2013 nicht jede S\u00e4ule hat eine Standardsteckdose. Mit einem Adapter k\u00f6nnen Sie sich sicher anschlie\u00dfen, ohne improvisieren zu m\u00fcssen.&nbsp;\n                    <\/li>\n                    <li><span style=\"font-weight: 700;\">Sollte man Bargeld dabeihaben?<br><\/span> Ja! Einige Parkautomaten und kleinere Campingpl\u00e4tze akzeptieren keine Kartenzahlung. Es ist ratsam, immer etwas Bargeld dabei zu haben.&nbsp;\n                    <\/li>\n                    <li><span style=\"font-weight: 700;\">Wie erh\u00f6ht man die Sicherheit im Fahrzeug?<br><\/span> Besorgen Sie sich einen Gasdetektor. Er reagiert auf Propan-Butan, CO und Bet\u00e4ubungsgase und erh\u00f6ht die Sicherheit der Besatzung erheblich. Empfehlenswert ist z. B. der Linnepe TriGasAlarm.\n                    <\/li>\n                    <li><span style=\"font-weight: 700;\">Was sollte in der Nacht-Ausr\u00fcstung nicht fehlen?<\/span>\n                      <br> Eine Stirnlampe! Wenn Sie im Dunkeln etwas reparieren oder suchen m\u00fcssen, brauchen Sie beide H\u00e4nde frei. Eine kleine Sache mit gro\u00dfer Wirkung. &#x1f60a;&nbsp;\n                    <\/li>\n                    <li><span style=\"font-size: 1rem;\"><span style=\"font-weight: 700;\">(Platz f\u00fcr Ihre Frage)<\/span>&nbsp;<\/span>Hier kann auch Ihr technischer Tipp stehen! Haben Sie einen Ratschlag, den andere Camper kennen sollten? Schreiben Sie uns oder teilen Sie ihn in der Gruppe \u2013 damit wir uns gegenseitig weiterhelfen.\n                    <\/li>\n                  <\/ol>\n                  <p class=\"u-text u-text-3\"><span style=\"font-weight: 700;\"><\/span> Dieser Abschnitt wird regelm\u00e4\u00dfig aktualisiert \u2013 folgen Sie auch unserer Facebook-Gruppe, wo Sie lebhafte Diskussionen und weitere Tipps von Community-Mitgliedern finden. \n                  <\/p>\n                <\/div>\n              <\/div>\n            <\/div>\n          <\/div>\n        <\/div>\n      <\/div>\n    <\/section>\n    \n    \n    \n  \n","protected":false},"excerpt":{"rendered":"<p>Technische Hinweise (FAQ) Wie kann man die Ankunft auf dem Campingplatz vereinfachen und Warteschlangen vermeiden? Wenn Sie im Voraus reserviert haben, empfehlen wir auch einen Online-Check-in. So vermeiden Sie langes Warten an der Rezeption und k\u00f6nnen direkt parken und Ihren Urlaub genie\u00dfen.&nbsp; Wo kann man Wasser nachf\u00fcllen und was sollte man mitnehmen? Wasser kann oft &hellip; <a href=\"https:\/\/www.camperclub.cz\/de\/faq\/\" class=\"more-link\">Continue reading<span class=\"screen-reader-text\"> &#8220;FAQ&#8221;<\/span><\/a><\/p>\n","protected":false},"author":43,"featured_media":0,"parent":0,"menu_order":2,"comment_status":"closed","ping_status":"closed","template":"","meta":{"_acf_changed":false,"footnotes":""},"class_list":["post-2877","page","type-page","status-publish","hentry"],"acf":[],"_links":{"self":[{"href":"https:\/\/www.camperclub.cz\/de\/wp-json\/wp\/v2\/pages\/2877","targetHints":{"allow":["GET"]}}],"collection":[{"href":"https:\/\/www.camperclub.cz\/de\/wp-json\/wp\/v2\/pages"}],"about":[{"href":"https:\/\/www.camperclub.cz\/de\/wp-json\/wp\/v2\/types\/page"}],"author":[{"embeddable":true,"href":"https:\/\/www.camperclub.cz\/de\/wp-json\/wp\/v2\/users\/43"}],"replies":[{"embeddable":true,"href":"https:\/\/www.camperclub.cz\/de\/wp-json\/wp\/v2\/comments?post=2877"}],"version-history":[{"count":2,"href":"https:\/\/www.camperclub.cz\/de\/wp-json\/wp\/v2\/pages\/2877\/revisions"}],"predecessor-version":[{"id":2881,"href":"https:\/\/www.camperclub.cz\/de\/wp-json\/wp\/v2\/pages\/2877\/revisions\/2881"}],"wp:attachment":[{"href":"https:\/\/www.camperclub.cz\/de\/wp-json\/wp\/v2\/media?parent=2877"}],"curies":[{"name":"wp","href":"https:\/\/api.w.org\/{rel}","templated":true}]}}