{"id":2875,"date":"2025-07-29T22:15:33","date_gmt":"2025-07-29T22:15:33","guid":{"rendered":"https:\/\/www.camperclub.cz\/zasady-zpracovani-osobnich-udaju-gdpr\/"},"modified":"2026-04-20T16:37:43","modified_gmt":"2026-04-20T16:37:43","slug":"grundsaetze-der-verarbeitung-personenbezogener-daten-dsgvo","status":"publish","type":"page","link":"https:\/\/www.camperclub.cz\/de\/grundsaetze-der-verarbeitung-personenbezogener-daten-dsgvo\/","title":{"rendered":"Grunds\u00e4tze der Verarbeitung personenbezogener Daten (DSGVO)"},"content":{"rendered":"\n  \n    \n    <section class=\"u-clearfix u-section-2\" id=\"block-1\">\n      <div class=\"u-clearfix u-sheet u-valign-middle-lg u-valign-middle-md u-valign-middle-sm u-valign-middle-xs u-sheet-1\">\n        <div class=\"data-layout-selected u-clearfix u-expanded-width u-gutter-34 u-layout-wrap u-layout-wrap-1\">\n          <div class=\"u-gutter-0 u-layout\" style=\"\">\n            <div class=\"u-layout-row\" style=\"\">\n              <div class=\"u-container-style u-custom-color-4 u-layout-cell u-size-60 u-size-60-md u-layout-cell-1\">\n                <div class=\"u-container-layout u-container-layout-1\">\n                  <h3 class=\"u-custom-font u-font-montserrat u-text u-text-1\"> Grunds\u00e4tze der Verarbeitung personenbezogener Daten (DSGVO)<br><span style=\"font-size: 1.25rem;\">CamperClub.cz<\/span>\n                  <\/h3>\n                  <p class=\"u-custom-font u-text u-text-2\"><span style=\"font-weight: 700; font-size: 1.25rem;\"><\/span><span style=\"font-weight: 700;\">1. Wer sind wir?<br><\/span> Verantwortlicher f\u00fcr die Verarbeitung personenbezogener Daten gem\u00e4\u00df Art. 4 Abs. 7 der DSGVO ist:\nJan Kr\u00e1tk\u00fd \u2013 Kratas.eu<br> I\u010cO: 23026669<br> Sitz: Datlov\u00e1 671, Post\u0159i\u017e\u00edn 250 70<br> E-Mail: <a class=\"cursor-pointer decorated-link u-active-none u-border-none u-btn u-button-style u-hover-none u-none u-text-custom-color-6 u-btn-1\" rel=\"noopener\">info@kratas.eu<\/a>\n                    <br> Web: <a rel=\"noopener\" target=\"_new\" class=\"decorated-link u-active-none u-border-none u-btn u-button-style u-hover-none u-none u-text-custom-color-6 u-btn-2\" href=\"https:\/\/www.camperclub.cz\">www.camperclub.cz<\/a> (nachfolgend \u201eVerantwortlicher\u201c oder \u201ewir\u201c)\nDer Verantwortliche betreibt die Website <a rel=\"noopener\" target=\"_new\" class=\"decorated-link u-active-none u-border-none u-btn u-button-style u-hover-none u-none u-text-custom-color-6 u-btn-3\" href=\"https:\/\/www.camperclub.cz\">www.camperclub.cz<\/a>, die Dienstleistungen im Rahmen einer Mitglieder-Community bereitstellt (kostenpflichtige und kostenlose Mitgliedschaften, Zugang zu Inhalten, interaktive Karte, Marktplatz usw.).&nbsp;<br>\n                    <br><span style=\"font-weight: 700;\">2. Welche Daten verarbeiten wir?<br><\/span> Wir verarbeiten nur Daten, die notwendig sind f\u00fcr: <br> den Abschluss und die Erf\u00fcllung eines Vertrags (z. B. Zugang zur Mitgliedschaft), <br> die F\u00fchrung eines Benutzerkontos, <br> die Kommunikation mit Kunden, <br> die Erf\u00fcllung gesetzlicher Verpflichtungen (Buchhaltung, Steuerunterlagen), <br> den Versand von Informations- und Community-E-Mails (Newsletter), <br> den Schutz der Rechte des Verantwortlichen. <br> Konkret k\u00f6nnen wir folgende Daten verarbeiten:\nVor- und Nachname <br> E-Mail-Adresse <br> Rechnungsadresse <br> Telefonnummer (optional) <br> IP-Adresse und Daten \u00fcber das Nutzerverhalten auf der Website (einschlie\u00dflich Cookies)<br>&nbsp; &nbsp;<br><span style=\"font-weight: 700;\">3. Rechtsgrundlage der Verarbeitung<br><\/span> Die Verarbeitung personenbezogener Daten erfolgt auf Grundlage von:\nVertragserf\u00fcllung gem\u00e4\u00df Art. 6 Abs. 1 lit. b DSGVO \u2013 wenn Sie eine Mitgliedschaft erwerben oder sich registrieren, <br> Erf\u00fcllung rechtlicher Verpflichtungen gem\u00e4\u00df Art. 6 Abs. 1 lit. c DSGVO \u2013 insbesondere im Bereich Buchhaltung und Steuern, <br> berechtigtem Interesse des Verantwortlichen gem\u00e4\u00df Art. 6 Abs. 1 lit. f DSGVO \u2013 z. B. zur Sicherung der Website und zum Schutz vor Missbrauch, <br> Einwilligung gem\u00e4\u00df Art. 6 Abs. 1 lit. a DSGVO \u2013 z. B. beim Versand von Newslettern oder bei Nichtmitgliedern.<br>&nbsp; &nbsp;<br><span style=\"font-weight: 700;\">4. Speicherdauer der Daten&nbsp;<br><\/span>Daten werden f\u00fcr die Dauer der Mitgliedschaft und anschlie\u00dfend f\u00fcr&nbsp;<br>\n                    <br><span style=\"font-weight: 700;\">5 Jahre nach deren Beendigung gespeichert (gem\u00e4\u00df steuer- und buchhalterischen Vorschriften). <br><\/span> Daten f\u00fcr den Newsletter-Versand \u2013 bis zum Widerruf der Einwilligung. <br> Daten aus Kontaktformularen \u2013 maximal 1 Jahr oder bis zur Bearbeitung der Anfrage.<br>\n                  <\/p>\n                <\/div>\n              <\/div>\n            <\/div>\n          <\/div>\n        <\/div>\n      <\/div>\n    <\/section>\n    <section class=\"u-clearfix u-section-3\" id=\"sec-67c5\">\n      <div class=\"u-clearfix u-sheet u-valign-middle-lg u-valign-middle-md u-valign-middle-sm u-valign-middle-xs u-sheet-1\">\n        <div class=\"data-layout-selected u-clearfix u-expanded-width u-gutter-34 u-layout-wrap u-layout-wrap-1\">\n          <div class=\"u-gutter-0 u-layout\">\n            <div class=\"u-layout-row\">\n              <div class=\"u-container-style u-custom-color-4 u-layout-cell u-size-60 u-size-60-md u-layout-cell-1\">\n                <div class=\"u-container-layout u-valign-bottom-lg u-valign-bottom-md u-valign-bottom-sm u-valign-bottom-xs u-container-layout-1\">\n                  <p class=\"u-custom-font u-text u-text-1\"><span style=\"font-weight: 700; font-size: 1.25rem;\"><\/span><span style=\"font-weight: 700;\"><span style=\"font-weight: 700; font-size: 1.25rem;\"><\/span>5. Empf\u00e4nger der Daten<br><\/span> Ihre Daten k\u00f6nnen weitergegeben werden an: <br> ein Buchhaltungsunternehmen (f\u00fcr die F\u00fchrung der Steuerunterlagen), <br> Anbieter von Webhosting- und E-Mail-Diensten (einschlie\u00dflich Sicherheitsdienste), <br> technischen Support und Website-Administratoren, <br> in notwendigem Umfang auch an staatliche Beh\u00f6rden (z. B. auf Anfrage der Finanzbeh\u00f6rden). <br> Wir verkaufen Ihre Daten nicht und geben sie nicht au\u00dferhalb der EU an Dritte weiter.&nbsp;<br>\n                    <br><span style=\"font-weight: 700;\">6. Cookies und Tracking-Tools<br><\/span> Auf unserer Website verwenden wir Cookies f\u00fcr:\ngrundlegende Funktionen der Website, <br> anonyme Messung der Besucherzahlen, <br> Benutzeranmeldung, <br> Verbesserung der Dienstleistungen und Sicherheit. <br> Wir verwenden Tools wie Google Analytics (anonymisiert). Alle Cookies k\u00f6nnen in Ihrem Browser verwaltet oder beim ersten Besuch abgelehnt werden.\nWeitere Informationen finden Sie in den Richtlinien zur Verwendung von Cookies.&nbsp;<br>\n                    <br><span style=\"font-weight: 700;\">7. Ihre Rechte<br><\/span> Sie haben das Recht:\nauf Zugang zu Ihren Daten, <br> auf Berichtigung unrichtiger Daten, <br> auf L\u00f6schung (\u201eRecht auf Vergessenwerden\u201c), <br> auf Einschr\u00e4nkung der Verarbeitung, <br> auf Daten\u00fcbertragbarkeit, <br> Widerspruch gegen die Verarbeitung einzulegen, <br> Ihre Einwilligung zu widerrufen (z. B. f\u00fcr Newsletter). <br> Ihre Rechte k\u00f6nnen Sie per E-Mail geltend machen: <a class=\"cursor-pointer decorated-link u-active-none u-border-none u-btn u-button-style u-hover-none u-none u-text-custom-color-6 u-btn-1\" rel=\"noopener\">info@camperclub.cz<\/a> Im Falle von Zweifeln k\u00f6nnen Sie sich auch an die Datenschutzbeh\u00f6rde wenden: \u00da\u0159ad pro ochranu osobn\u00edch \u00fadaj\u016f (<a rel=\"noopener\" target=\"_new\" class=\"decorated-link u-active-none u-border-none u-btn u-button-style u-hover-none u-none u-text-custom-color-6 u-btn-2\" href=\"http:\/\/www.uoou.cz\">www.uoou.cz<\/a>).&nbsp;<br>\n                    <br><span style=\"font-weight: 700;\">8. Sicherheit<br><\/span> Ihre Daten werden durch eine verschl\u00fcsselte Verbindung (HTTPS), starke Passw\u00f6rter und technische Ma\u00dfnahmen (z. B. Zugriffsbeschr\u00e4nkungen, Antivirenschutz) gesch\u00fctzt.&nbsp;<br>\n                    <br><span style=\"font-weight: 700;\">9. Schlussbestimmungen<br><\/span> Diese Richtlinien k\u00f6nnen aktualisiert werden. Die jeweils aktuelle Version ist stets auf der Website <a rel=\"noopener\" target=\"_new\" class=\"decorated-link u-active-none u-border-none u-btn u-button-style u-hover-none u-none u-text-custom-color-6 u-btn-3\" href=\"https:\/\/www.camperclub.cz\">www.camperclub.cz<\/a> verf\u00fcgbar.&nbsp;<br>\n                    <br>Diese Version ist g\u00fcltig ab: 31.07.2025.<br>\n                  <\/p>\n                <\/div>\n              <\/div>\n            <\/div>\n          <\/div>\n        <\/div>\n      <\/div>\n    <\/section>\n    \n    \n    \n  \n","protected":false},"excerpt":{"rendered":"<p>Grunds\u00e4tze der Verarbeitung personenbezogener Daten (DSGVO)CamperClub.cz 1. Wer sind wir? Verantwortlicher f\u00fcr die Verarbeitung personenbezogener Daten gem\u00e4\u00df Art. 4 Abs. 7 der DSGVO ist: Jan Kr\u00e1tk\u00fd \u2013 Kratas.eu I\u010cO: 23026669 Sitz: Datlov\u00e1 671, Post\u0159i\u017e\u00edn 250 70 E-Mail: info@kratas.eu Web: www.camperclub.cz (nachfolgend \u201eVerantwortlicher\u201c oder \u201ewir\u201c) Der Verantwortliche betreibt die Website www.camperclub.cz, die Dienstleistungen im Rahmen einer &hellip; <a href=\"https:\/\/www.camperclub.cz\/de\/grundsaetze-der-verarbeitung-personenbezogener-daten-dsgvo\/\" class=\"more-link\">Continue reading<span class=\"screen-reader-text\"> &#8220;Grunds\u00e4tze der Verarbeitung personenbezogener Daten (DSGVO)&#8221;<\/span><\/a><\/p>\n","protected":false},"author":43,"featured_media":0,"parent":0,"menu_order":0,"comment_status":"closed","ping_status":"closed","template":"","meta":{"_acf_changed":false,"footnotes":""},"class_list":["post-2875","page","type-page","status-publish","hentry"],"acf":[],"_links":{"self":[{"href":"https:\/\/www.camperclub.cz\/de\/wp-json\/wp\/v2\/pages\/2875","targetHints":{"allow":["GET"]}}],"collection":[{"href":"https:\/\/www.camperclub.cz\/de\/wp-json\/wp\/v2\/pages"}],"about":[{"href":"https:\/\/www.camperclub.cz\/de\/wp-json\/wp\/v2\/types\/page"}],"author":[{"embeddable":true,"href":"https:\/\/www.camperclub.cz\/de\/wp-json\/wp\/v2\/users\/43"}],"replies":[{"embeddable":true,"href":"https:\/\/www.camperclub.cz\/de\/wp-json\/wp\/v2\/comments?post=2875"}],"version-history":[{"count":2,"href":"https:\/\/www.camperclub.cz\/de\/wp-json\/wp\/v2\/pages\/2875\/revisions"}],"predecessor-version":[{"id":2887,"href":"https:\/\/www.camperclub.cz\/de\/wp-json\/wp\/v2\/pages\/2875\/revisions\/2887"}],"wp:attachment":[{"href":"https:\/\/www.camperclub.cz\/de\/wp-json\/wp\/v2\/media?parent=2875"}],"curies":[{"name":"wp","href":"https:\/\/api.w.org\/{rel}","templated":true}]}}