{"id":2868,"date":"2025-07-30T23:49:10","date_gmt":"2025-07-30T23:49:10","guid":{"rendered":"https:\/\/www.camperclub.cz\/zasady-pouzivani-cookies\/"},"modified":"2026-04-20T14:05:51","modified_gmt":"2026-04-20T14:05:51","slug":"richtlinien-zur-verwendung-von-cookies","status":"publish","type":"page","link":"https:\/\/www.camperclub.cz\/de\/richtlinien-zur-verwendung-von-cookies\/","title":{"rendered":"Richtlinien zur Verwendung von Cookies"},"content":{"rendered":"\n  \n    \n    <section class=\"u-clearfix u-section-2\" id=\"sec-a875\">\n      <div class=\"u-clearfix u-sheet u-valign-middle-md u-valign-middle-xl u-valign-top-lg u-valign-top-sm u-sheet-1\">\n        <div class=\"data-layout-selected u-clearfix u-expanded-width u-gutter-34 u-layout-wrap u-layout-wrap-1\">\n          <div class=\"u-gutter-0 u-layout\" style=\"\">\n            <div class=\"u-layout-row\" style=\"\">\n              <div class=\"u-container-style u-custom-color-4 u-layout-cell u-size-60 u-size-60-md u-layout-cell-1\">\n                <div class=\"u-container-layout u-valign-bottom-lg u-valign-bottom-md u-valign-bottom-sm u-valign-bottom-xs u-container-layout-1\">\n                  <h3 class=\"u-custom-font u-font-montserrat u-text u-text-1\"> Richtlinien zur Verwendung von Cookies<\/h3>\n                  <p class=\"u-custom-font u-text u-text-2\"><span style=\"font-weight: 700;\"><\/span><span style=\"font-weight: 700;\"><span style=\"font-weight: 700;\"><\/span>1. Was sind Cookies?<br><\/span> Cookies sind kleine Textdateien, die bei dem Besuch einer Website auf Ihrem Ger\u00e4t (Computer, Tablet, Smartphone) gespeichert werden. Sie dienen dazu, dass die Website korrekt funktioniert, sich Ihre Einstellungen merkt und uns hilft, unsere Dienstleistungen zu verbessern.&nbsp;<br>\n                    <br><span style=\"font-weight: 700;\">2. Welche Cookies verwenden wir?<br><\/span> Auf der Website <a rel=\"noopener\" target=\"_new\" class=\"decorated-link u-active-none u-border-none u-btn u-button-style u-hover-none u-none u-text-custom-color-6 u-btn-1\" href=\"https:\/\/www.camperclub.cz\">www.camperclub.cz<\/a> verwenden wir folgende Arten von Cookies:&nbsp;<br>\n                    <br>a) Notwendige Cookies<br> Diese Cookies sind f\u00fcr das Funktionieren der Website erforderlich und k\u00f6nnen nicht deaktiviert werden. Sie erm\u00f6glichen grundlegende Funktionen wie Anmeldung, sichere Verbindung oder den Betrieb von Mitgliederbereichen.&nbsp;<br>b) Analytische Cookies<br> Sie helfen uns, die Besucherzahlen und das Verhalten der Nutzer zu analysieren und den Inhalt der Website zu verbessern. Wir verwenden z. B. Google Analytics. Alle Daten sind anonym und dienen nicht zu Ihrer Identifikation.<br>c) Funktionale Cookies<br> Diese speichern Ihre Einstellungen (z. B. Sprache oder Login), um Ihnen eine komfortablere Nutzung zu erm\u00f6glichen.&nbsp;<br>d) Marketing-Cookies<br> Diese Cookies k\u00f6nnen verwendet werden, um Ihnen relevante Werbung auf anderen Plattformen (z. B. Facebook oder Instagram) anzuzeigen, sofern Sie dem zugestimmt haben.&nbsp;<br>\n                    <br><span style=\"font-weight: 700;\">3. Wie k\u00f6nnen Cookies verwaltet werden?<br><\/span> Beim ersten Besuch der Website wird Ihnen ein Banner angezeigt, in dem Sie Ihre Zustimmung zu einzelnen Cookie-Arten erteilen oder ablehnen k\u00f6nnen. Ihre Einstellungen k\u00f6nnen Sie jederzeit in den Browsereinstellungen oder \u00fcber den Link \u201eCookie-Einstellungen\u201c im Footer der Website \u00e4ndern.&nbsp;<br>\n                    <br><span style=\"font-weight: 700;\">4. Wie lange speichern wir Cookies?<br><\/span> Die Speicherdauer h\u00e4ngt vom jeweiligen Cookie-Typ ab. Einige werden nach dem Schlie\u00dfen des Browsers gel\u00f6scht, andere k\u00f6nnen mehrere Tage oder Monate gespeichert bleiben \u2013 alles im Einklang mit den geltenden gesetzlichen Vorschriften.&nbsp;<br>\n                    <br><span style=\"font-weight: 700;\">5. Wer hat Zugriff auf die Daten?<br><\/span> Mit den Daten arbeitet ausschlie\u00dflich der Betreiber der Website Jenifer Zelenkov\u00e1 (I\u010cO: 23026669) sowie Tools von Drittanbietern (z. B. Google Analytics, Meta\/Facebook Pixel), und zwar stets im Einklang mit den Datenschutzbestimmungen der DSGVO.&nbsp;<br>\n                    <br><span style=\"font-weight: 700;\">6. Kontakt<br><\/span> Haben Sie Fragen zur Verwendung von Cookies? Kontaktieren Sie uns:<br>&#x1f4e7;&nbsp;<a rel=\"noopener\" class=\"-wm-cursor-pointer u-active-none u-border-none u-btn u-button-style u-hover-none u-none u-text-custom-color-6 u-btn-2\">info@camperclub.cz<\/a>\n                    <br>&#x1f4ec;<span style=\"font-weight: 700;\">&nbsp;\u200bBetreiber:<\/span> Jaroslava \u0160vestkov\u00e1\n                  <\/p>\n                <\/div>\n              <\/div>\n            <\/div>\n          <\/div>\n        <\/div>\n      <\/div>\n    <\/section>\n    \n    \n    \n  \n","protected":false},"excerpt":{"rendered":"<p>Richtlinien zur Verwendung von Cookies 1. Was sind Cookies? Cookies sind kleine Textdateien, die bei dem Besuch einer Website auf Ihrem Ger\u00e4t (Computer, Tablet, Smartphone) gespeichert werden. Sie dienen dazu, dass die Website korrekt funktioniert, sich Ihre Einstellungen merkt und uns hilft, unsere Dienstleistungen zu verbessern.&nbsp; 2. Welche Cookies verwenden wir? Auf der Website www.camperclub.cz &hellip; <a href=\"https:\/\/www.camperclub.cz\/de\/richtlinien-zur-verwendung-von-cookies\/\" class=\"more-link\">Continue reading<span class=\"screen-reader-text\"> &#8220;Richtlinien zur Verwendung von Cookies&#8221;<\/span><\/a><\/p>\n","protected":false},"author":43,"featured_media":0,"parent":0,"menu_order":0,"comment_status":"closed","ping_status":"closed","template":"","meta":{"_acf_changed":false,"footnotes":""},"class_list":["post-2868","page","type-page","status-publish","hentry"],"acf":[],"_links":{"self":[{"href":"https:\/\/www.camperclub.cz\/de\/wp-json\/wp\/v2\/pages\/2868","targetHints":{"allow":["GET"]}}],"collection":[{"href":"https:\/\/www.camperclub.cz\/de\/wp-json\/wp\/v2\/pages"}],"about":[{"href":"https:\/\/www.camperclub.cz\/de\/wp-json\/wp\/v2\/types\/page"}],"author":[{"embeddable":true,"href":"https:\/\/www.camperclub.cz\/de\/wp-json\/wp\/v2\/users\/43"}],"replies":[{"embeddable":true,"href":"https:\/\/www.camperclub.cz\/de\/wp-json\/wp\/v2\/comments?post=2868"}],"version-history":[{"count":3,"href":"https:\/\/www.camperclub.cz\/de\/wp-json\/wp\/v2\/pages\/2868\/revisions"}],"predecessor-version":[{"id":2874,"href":"https:\/\/www.camperclub.cz\/de\/wp-json\/wp\/v2\/pages\/2868\/revisions\/2874"}],"wp:attachment":[{"href":"https:\/\/www.camperclub.cz\/de\/wp-json\/wp\/v2\/media?parent=2868"}],"curies":[{"name":"wp","href":"https:\/\/api.w.org\/{rel}","templated":true}]}}