{"id":2836,"date":"2025-07-29T21:48:07","date_gmt":"2025-07-29T21:48:07","guid":{"rendered":"https:\/\/www.camperclub.cz\/obchodni-podminky\/"},"modified":"2026-04-20T13:20:10","modified_gmt":"2026-04-20T13:20:10","slug":"geschaeftsbedingungen","status":"publish","type":"page","link":"https:\/\/www.camperclub.cz\/de\/geschaeftsbedingungen\/","title":{"rendered":"Gesch\u00e4ftsbedingungen"},"content":{"rendered":"\n  \n    \n    <section class=\"u-clearfix u-section-2\" id=\"block-1\">\n      <div class=\"u-clearfix u-sheet u-valign-bottom-xl u-valign-top-lg u-valign-top-md u-valign-top-sm u-sheet-1\">\n        <div class=\"data-layout-selected u-clearfix u-expanded-width u-gutter-34 u-layout-wrap u-layout-wrap-1\">\n          <div class=\"u-gutter-0 u-layout\" style=\"\">\n            <div class=\"u-layout-row\" style=\"\">\n              <div class=\"u-container-style u-custom-color-4 u-layout-cell u-size-60 u-size-60-md u-layout-cell-1\">\n                <div class=\"u-container-layout u-valign-bottom-lg u-valign-bottom-md u-valign-bottom-sm u-valign-bottom-xs u-container-layout-1\">\n                  <h3 class=\"u-custom-font u-font-montserrat u-text u-text-1\"> Gesch\u00e4ftsbedingungen&nbsp;CamperClub.cz<br><span style=\"font-size: 1.25rem;\"> f\u00fcr die Bereitstellung von Online-Diensten und Mitgliedschaften<\/span>\n                  <\/h3>\n                  <p class=\"u-custom-font u-text u-text-2\"><span style=\"font-weight: 700;\"> 1. Einleitende Bestimmungen<\/span>\n                    <br>\n                    <br> Diese Gesch\u00e4ftsbedingungen regeln die Rechtsbeziehungen zwischen:&nbsp;<br>\n                    <br><span style=\"font-weight: 700;\"> Betreiber:<br><\/span>&nbsp;<span style=\"font-weight: 700;\"> &nbsp; <\/span><span style=\"font-weight: 700;\">Name\/Firma<\/span><span style=\"font-weight: 700;\">:&nbsp;<\/span>Jaroslava \u0160vestkov\u00e1<span style=\"font-weight: 700;\">\n                      <br>&nbsp; &nbsp;&nbsp;<\/span><span style=\"font-weight: 700;\">Identifikationsnummer&nbsp;&nbsp;<\/span><span style=\"font-weight: 700;\">I\u010cO:&nbsp;<\/span>09214771<span style=\"font-weight: 700;\">\n                      <br>&nbsp; &nbsp; \u200bSitz:&nbsp;<\/span>Stru\u017en\u00e1 127, 36471<span style=\"font-weight: 700;\">\n                      <br>&nbsp; &nbsp; E-mail:&nbsp;<\/span> info@camperclub.cz<span style=\"font-weight: 700;\">\n                      <br>&nbsp; &nbsp; <\/span><span style=\"font-weight: 700;\">Webseite<\/span><span style=\"font-weight: 700;\">:&nbsp;<a href=\"https:\/\/www.camperclub.cz\/\" class=\"u-active-none u-border-none u-btn u-button-style u-hover-none u-none u-text-custom-color-6 u-btn-1\" rel=\"noopener\" target=\"_blank\"><span style=\"font-weight: 400;\">www.camperclub.cz<\/span>\n                      <\/a>\n                      <br>&nbsp; &nbsp; <span style=\"font-weight: 400;\">(<\/span><span style=\"font-weight: 400;\"><\/span><\/span>nachfolgend \u201e<span style=\"font-weight: 700;\">Anbieter<\/span>\u201c<span style=\"font-weight: 700;\">)<\/span>\n                    <br> und<br><span style=\"font-weight: 700;\"><\/span>dem Nutzer, der auf der Webseite <a rel=\"noopener\" target=\"_new\" class=\"decorated-link u-active-none u-border-none u-btn u-button-style u-hover-none u-none u-text-custom-color-6 u-btn-2\" href=\"https:\/\/www.camperclub.cz\">www.camperclub.cz<\/a> eine Mitgliedschaft erwirbt, ein Konto registriert oder anderweitig die vom Anbieter bereitgestellten Dienstleistungen nutzt (nachfolgend \u201eNutzer\u201c).<br>\n                    <br><span style=\"font-weight: 700;\">2. <\/span><span style=\"font-weight: 700;\">Gegenstand des Vertragsverh\u00e4ltnisses<\/span>\n                    <br> Der Anbieter erm\u00f6glicht den Nutzern \u00fcber die Webseite <a rel=\"noopener\" target=\"_new\" class=\"decorated-link u-active-none u-border-none u-btn u-button-style u-hover-none u-none u-text-custom-color-6 u-btn-3\" href=\"https:\/\/www.camperclub.cz\">www.camperclub.cz<\/a>: <br>&nbsp; &nbsp;den Erwerb von kostenpflichtigen Mitgliedschaften (\u201eThe Camper\u201c, \u201eBazarista\u201c usw.), <br>&nbsp; &nbsp;den Zugang zu Community-Bereichen (interaktive Karte, Marktplatz, Artikel usw.), <br>&nbsp; &nbsp;die Teilnahme an Facebook-Gruppen, Foren und Veranstaltungen f\u00fcr Mitglieder. <br> Die Mitgliedschaft wird in verschiedenen Varianten angeboten \u2013 <span style=\"font-weight: 700;\">Test-, Monats- und Jahresmitgliedschaft<\/span> \u2013 mit genau definierten Vorteilen gem\u00e4\u00df dem aktuellen Angebot auf der Webseite.&nbsp;<br>\n                    <br><span style=\"font-weight: 700;\">3. <\/span><span style=\"font-weight: 700;\">Registrierung und Erstellung eines Kontos<\/span>\n                    <br> Der Zugang zu den Dienstleistungen erfordert eine Registrierung und die Erstellung eines pers\u00f6nlichen Benutzerkontos. Der Nutzer ist verpflichtet, wahrheitsgem\u00e4\u00dfe Angaben zu machen. Der Anbieter beh\u00e4lt sich das Recht vor, das Konto bei Versto\u00df gegen die Bedingungen oder bei unethischem Verhalten zu sperren. <br>\n                    <br><span style=\"font-weight: 700;\">4. <\/span><span style=\"font-weight: 700;\">Preise und Zahlungsbedingungen<\/span>\n                    <br>\n                    <br><span style=\"font-weight: 700;\"> 4.1.<\/span> Alle auf der Webseite <a rel=\"noopener\" target=\"_new\" class=\"decorated-link u-active-none u-border-none u-btn u-button-style u-hover-none u-none u-text-custom-color-6 u-btn-4\" href=\"https:\/\/www.camperclub.cz\">www.camperclub.cz<\/a> angegebenen Preise sind endg\u00fcltig, d. h. einschlie\u00dflich aller gesetzlichen Geb\u00fchren. Der Betreiber ist kein Mehrwertsteuerzahler.&nbsp;<br>\n                    <br><span style=\"font-weight: 700;\">4.2. <\/span>Die Preise der einzelnen Mitgliedschaftsarten sind stets aktuell auf der Webseite angegeben. Derzeit werden folgende Varianten angeboten: <br> The Camper \u2013 Testmitgliedschaft (14 Tage): 250 K\u010d <br> The Camper \u2013 Monatsmitgliedschaft: 250 K\u010d \/ Monat <br> The Camper \u2013 Jahresmitgliedschaft: 1.990 K\u010d \/ Jahr <br> Bazarista \u2013 Testmitgliedschaft (14 Tage): 150 K\u010d <br> Bazarista \u2013 Monatsmitgliedschaft: 150 K\u010d \/ Monat <br> Bazarista \u2013 Jahresmitgliedschaft: 1.500 K\u010d \/ Jahr<br>&nbsp;&nbsp;<br><span style=\"font-weight: 700;\">4.3.<\/span> Alle Zahlungen erfolgen \u00fcber ein sicheres Zahlungsgateway oder per Bank\u00fcberweisung. Der Zugang zur Mitgliedschaft wird nach Gutschrift der Zahlung auf dem Konto des Betreibers aktiviert.&nbsp;<br>\n                    <br><span style=\"font-weight: 700;\">4.4. <\/span>Der Betreiber beh\u00e4lt sich das Recht vor, die Preise je nach Entwicklung des Projekts, Kosten und Nachfrage zu \u00e4ndern. Preis\u00e4nderungen haben keinen Einfluss auf bereits bezahlte Mitgliedschaften w\u00e4hrend deren G\u00fcltigkeitsdauer.<br>\n                  <\/p>\n                <\/div>\n              <\/div>\n            <\/div>\n          <\/div>\n        <\/div>\n      <\/div>\n    <\/section>\n    <section class=\"u-clearfix u-section-3\" id=\"sec-f165\">\n      <div class=\"u-clearfix u-sheet u-valign-top-lg u-valign-top-md u-valign-top-sm u-sheet-1\">\n        <div class=\"data-layout-selected u-clearfix u-expanded-width u-gutter-34 u-layout-wrap u-layout-wrap-1\">\n          <div class=\"u-gutter-0 u-layout\" style=\"\">\n            <div class=\"u-layout-row\" style=\"\">\n              <div class=\"u-container-style u-custom-color-4 u-layout-cell u-size-60 u-size-60-md u-layout-cell-1\">\n                <div class=\"u-container-layout u-valign-bottom-lg u-valign-bottom-md u-valign-bottom-sm u-valign-middle-xl u-container-layout-1\">\n                  <p class=\"u-custom-font u-text u-text-1\"><span style=\"font-weight: 700;\"><\/span><span style=\"font-weight: 700;\">5. <\/span><span style=\"font-weight: 700;\">Bereitstellung der Dienstleistung<\/span>\n                    <br> Nach Bezahlung der Mitgliedschaft wird der Zugang zu den digitalen Dienstleistungen sofort, sp\u00e4testens jedoch innerhalb von 24 Stunden, freigeschaltet. Der Nutzer erh\u00e4lt eine E-Mail mit Best\u00e4tigung und Zugangsdaten.&nbsp;<br><span style=\"font-weight: 700;\">6. <\/span><span style=\"font-weight: 700;\">Rechte und Pflichten des Nutzers<\/span><span style=\"font-weight: 700;\">\n                      <br><\/span>&nbsp; &nbsp; \u200bDer Nutzer verpflichtet sich, die Community-Regeln, den Verhaltenskodex und die Anweisungen der Administratoren einzuhalten. <br>&nbsp; &nbsp; Der Nutzer darf seine Zugangsdaten nicht an Dritte weitergeben. <br>&nbsp; &nbsp; Bei unangemessenem Verhalten kann das Konto ohne Entsch\u00e4digung gesperrt werden.<br>\n                    <br><span style=\"font-weight: 700;\">7. <\/span><span style=\"font-weight: 700;\">Reklamationen und R\u00fccktritt vom Vertrag<\/span>\n                    <br>&nbsp; &nbsp; \u200bDie Dienstleistungen haben den Charakter von digitalen Inhalten, daher ist gem\u00e4\u00df \u00a7 1837 Buchstabe l) des B\u00fcrgerlichen Gesetzbuches ein R\u00fccktritt vom Vertrag nach deren Bereitstellung nicht m\u00f6glich. <br>&nbsp; &nbsp;Etwaige technische M\u00e4ngel k\u00f6nnen per E-Mail an <a class=\"cursor-pointer decorated-link u-active-none u-border-none u-btn u-button-style u-hover-none u-none u-text-custom-color-6 u-btn-1\" rel=\"noopener\">info@camperclub.cz<\/a> reklamiert werden. <br>&nbsp; &nbsp;Der Anbieter verpflichtet sich, die Reklamation innerhalb von 14 Tagen zu bearbeiten.<br>\n                    <br><span style=\"font-weight: 700;\">8<\/span><span style=\"font-weight: 700;\">. <\/span><span style=\"font-weight: 700;\">Datenschutz<\/span>\n                    <br> Der Nutzer nimmt zur Kenntnis, dass seine personenbezogenen Daten gem\u00e4\u00df den <span style=\"font-weight: 700;\">Datenschutzrichtlinien nach der DSGVO<\/span> verarbeitet werden. Der Anbieter verpflichtet sich, die Daten vor Missbrauch zu sch\u00fctzen.&nbsp;<br>\n                    <br><span style=\"font-weight: 700;\">9. <\/span><span style=\"font-weight: 700;\">Schlussbestimmungen<\/span>\n                    <br> Diese Bedingungen sind g\u00fcltig und wirksam ab dem 31.07.2025.<br> Der Anbieter beh\u00e4lt sich das Recht vor, die Bedingungen einseitig zu \u00e4ndern. \u00dcber \u00c4nderungen wird der Nutzer per E-Mail oder auf der Webseite informiert.<br> Der Nutzer ist an die zum Zeitpunkt des Vertragsabschlusses g\u00fcltige Fassung der Bedingungen gebunden.<br>\n                    <br><span style=\"font-weight: 700;\"><\/span><span style=\"font-weight: 700;\">Kontakt f\u00fcr Nutzer<\/span><span style=\"font-weight: 700;\">:<\/span>\n                    <br>&#x1f4e7;&nbsp;<a rel=\"noopener\" class=\"-wm-cursor-pointer u-active-none u-border-none u-btn u-button-style u-hover-none u-none u-text-custom-color-6 u-btn-2\">info@camperclub.cz<\/a>\n                    <br>&#x1f310;&nbsp;<a href=\"https:\/\/www.camperclub.cz\/\" class=\"u-active-none u-border-none u-btn u-button-style u-hover-none u-none u-text-custom-color-6 u-btn-3\" rel=\"noopener\" target=\"_blank\">www.camperclub.cz<\/a>\n                    <br>\n                  <\/p>\n                <\/div>\n              <\/div>\n            <\/div>\n          <\/div>\n        <\/div>\n      <\/div>\n    <\/section>\n    \n    \n    \n  \n","protected":false},"excerpt":{"rendered":"<p>Gesch\u00e4ftsbedingungen&nbsp;CamperClub.cz f\u00fcr die Bereitstellung von Online-Diensten und Mitgliedschaften 1. Einleitende Bestimmungen Diese Gesch\u00e4ftsbedingungen regeln die Rechtsbeziehungen zwischen:&nbsp; Betreiber:&nbsp; &nbsp; Name\/Firma:&nbsp;Jaroslava \u0160vestkov\u00e1 &nbsp; &nbsp;&nbsp;Identifikationsnummer&nbsp;&nbsp;I\u010cO:&nbsp;09214771 &nbsp; &nbsp; \u200bSitz:&nbsp;Stru\u017en\u00e1 127, 36471 &nbsp; &nbsp; E-mail:&nbsp; info@camperclub.cz &nbsp; &nbsp; Webseite:&nbsp;www.camperclub.cz &nbsp; &nbsp; (nachfolgend \u201eAnbieter\u201c) unddem Nutzer, der auf der Webseite www.camperclub.cz eine Mitgliedschaft erwirbt, ein Konto registriert oder anderweitig die &hellip; <a href=\"https:\/\/www.camperclub.cz\/de\/geschaeftsbedingungen\/\" class=\"more-link\">Continue reading<span class=\"screen-reader-text\"> &#8220;Gesch\u00e4ftsbedingungen&#8221;<\/span><\/a><\/p>\n","protected":false},"author":43,"featured_media":0,"parent":0,"menu_order":0,"comment_status":"closed","ping_status":"closed","template":"","meta":{"_acf_changed":false,"footnotes":""},"class_list":["post-2836","page","type-page","status-publish","hentry"],"acf":[],"_links":{"self":[{"href":"https:\/\/www.camperclub.cz\/de\/wp-json\/wp\/v2\/pages\/2836","targetHints":{"allow":["GET"]}}],"collection":[{"href":"https:\/\/www.camperclub.cz\/de\/wp-json\/wp\/v2\/pages"}],"about":[{"href":"https:\/\/www.camperclub.cz\/de\/wp-json\/wp\/v2\/types\/page"}],"author":[{"embeddable":true,"href":"https:\/\/www.camperclub.cz\/de\/wp-json\/wp\/v2\/users\/43"}],"replies":[{"embeddable":true,"href":"https:\/\/www.camperclub.cz\/de\/wp-json\/wp\/v2\/comments?post=2836"}],"version-history":[{"count":2,"href":"https:\/\/www.camperclub.cz\/de\/wp-json\/wp\/v2\/pages\/2836\/revisions"}],"predecessor-version":[{"id":2843,"href":"https:\/\/www.camperclub.cz\/de\/wp-json\/wp\/v2\/pages\/2836\/revisions\/2843"}],"wp:attachment":[{"href":"https:\/\/www.camperclub.cz\/de\/wp-json\/wp\/v2\/media?parent=2836"}],"curies":[{"name":"wp","href":"https:\/\/api.w.org\/{rel}","templated":true}]}}